{"id":19,"date":"2025-10-21T10:14:09","date_gmt":"2025-10-21T10:14:09","guid":{"rendered":"https:\/\/britovale.pt\/?page_id=19"},"modified":"2026-02-18T04:51:41","modified_gmt":"2026-02-18T04:51:41","slug":"empresa","status":"publish","type":"page","link":"https:\/\/britovale.pt\/en\/empresa\/","title":{"rendered":"Company"},"content":{"rendered":"<div data-elementor-type=\"wp-page\" data-elementor-id=\"19\" class=\"elementor elementor-19\" data-elementor-post-type=\"page\">\n\t\t\t\t<div class=\"elementor-element elementor-element-e5debec e-flex e-con-boxed e-con e-parent\" data-id=\"e5debec\" data-element_type=\"container\" data-settings=\"{&quot;background_background&quot;:&quot;classic&quot;}\">\n\t\t\t\t\t<div class=\"e-con-inner\">\n\t\t\t\t<div class=\"elementor-element elementor-element-43869a2 elementor-widget elementor-widget-heading\" data-id=\"43869a2\" data-element_type=\"widget\" data-widget_type=\"heading.default\">\n\t\t\t\t\t<h2 class=\"elementor-heading-title elementor-size-default\">Company<\/h2>\t\t\t\t<\/div>\n\t\t\t\t\t<\/div>\n\t\t\t\t<\/div>\n\t\t<div class=\"elementor-element elementor-element-a31ddf9 e-con-full e-flex elementor-invisible e-con e-parent\" data-id=\"a31ddf9\" data-element_type=\"container\" data-settings=\"{&quot;background_background&quot;:&quot;classic&quot;,&quot;animation&quot;:&quot;fadeInRight&quot;}\">\n\t\t<div class=\"elementor-element elementor-element-44bb31d e-con-full elementor-hidden-mobile e-flex elementor-invisible e-con e-child\" data-id=\"44bb31d\" data-element_type=\"container\" data-settings=\"{&quot;background_background&quot;:&quot;classic&quot;,&quot;position&quot;:&quot;absolute&quot;,&quot;animation&quot;:&quot;fadeInUp&quot;,&quot;animation_delay&quot;:1250}\">\n\t\t\t\t<\/div>\n\t\t<div class=\"elementor-element elementor-element-4d60d8b e-con-full elementor-hidden-desktop elementor-hidden-tablet e-flex elementor-invisible e-con e-child\" data-id=\"4d60d8b\" data-element_type=\"container\" data-settings=\"{&quot;background_background&quot;:&quot;classic&quot;,&quot;animation&quot;:&quot;fadeInUp&quot;,&quot;animation_delay&quot;:1250}\">\n\t\t\t\t<\/div>\n\t\t<div class=\"elementor-element elementor-element-c03fba4 e-con-full e-flex elementor-invisible e-con e-child\" data-id=\"c03fba4\" data-element_type=\"container\" data-settings=\"{&quot;animation&quot;:&quot;fadeInRight&quot;,&quot;animation_delay&quot;:1000}\">\n\t\t\t\t<div class=\"elementor-element elementor-element-076ba91 elementor-widget__width-initial elementor-widget elementor-widget-heading\" data-id=\"076ba91\" data-element_type=\"widget\" data-widget_type=\"heading.default\">\n\t\t\t\t\t<h2 class=\"elementor-heading-title elementor-size-default\">About us<\/h2>\t\t\t\t<\/div>\n\t\t\t\t<div class=\"elementor-element elementor-element-2d4135b elementor-widget__width-initial elementor-widget elementor-widget-text-editor\" data-id=\"2d4135b\" data-element_type=\"widget\" data-widget_type=\"text-editor.default\">\n\t\t\t\t\t\t\t\t\t<p data-start=\"507\" data-end=\"901\" class=\"translation-block\"><strong data-start=\"509\" data-end=\"577\">BritoVale \u2013 Com\u00e9rcio e Ind\u00fastria de Materiais de Constru\u00e7\u00e3o, Lda<\/strong>, is a Faial-based company founded in <strong data-start=\"614\" data-end=\"622\">2015<\/strong>, dedicated to the <strong data-start=\"636\" data-end=\"722\">wholesale and retail trade of construction materials and sanitary equipment<\/strong>.<\/p><p data-start=\"507\" data-end=\"901\" class=\"translation-block\">With headquarters in <strong data-start=\"739\" data-end=\"770\">Flamengos, on the island of Faial<\/strong>, it is part of a <strong data-start=\"783\" data-end=\"831\">solid and innovative Azorean business group<\/strong>, committed to <strong data-start=\"852\" data-end=\"900\">quality, proximity and speed of response<\/strong>.<\/p><p data-start=\"903\" data-end=\"1218\" class=\"translation-block\">We stand out for our <strong data-start=\"924\" data-end=\"949\">personalized service<\/strong>, for the <strong data-start=\"956\" data-end=\"993\">immediate availability of stock<\/strong> and for a relationship of <strong data-start=\"1015\" data-end=\"1070\">trust with professional and private clients<\/strong>.<\/p><p data-start=\"903\" data-end=\"1218\" class=\"translation-block\">More than selling materials, <strong data-start=\"1104\" data-end=\"1139\">we build lasting relationships<\/strong> and contribute to the development of the construction sector in the Azores.<\/p>\t\t\t\t\t\t\t\t<\/div>\n\t\t\t\t<\/div>\n\t\t\t\t<\/div>\n\t\t<div class=\"elementor-element elementor-element-5fac212 e-flex e-con-boxed e-con e-parent\" data-id=\"5fac212\" data-element_type=\"container\">\n\t\t\t\t\t<div class=\"e-con-inner\">\n\t\t<div class=\"elementor-element elementor-element-7baece5 e-con-full e-flex e-con e-child\" data-id=\"7baece5\" data-element_type=\"container\">\n\t\t\t\t<div class=\"elementor-element elementor-element-853e21f elementor-widget__width-initial elementor-widget-mobile__width-inherit elementor-invisible elementor-widget elementor-widget-icon-box\" data-id=\"853e21f\" data-element_type=\"widget\" data-settings=\"{&quot;_animation&quot;:&quot;zoomIn&quot;}\" data-widget_type=\"icon-box.default\">\n\t\t\t\t\t\t\t<div class=\"elementor-icon-box-wrapper\">\n\n\t\t\t\n\t\t\t\t\t\t<div class=\"elementor-icon-box-content\">\n\n\t\t\t\t\t\t\t\t\t<h3 class=\"elementor-icon-box-title\">\n\t\t\t\t\t\t<span  >\n\t\t\t\t\t\t\tMission\t\t\t\t\t\t<\/span>\n\t\t\t\t\t<\/h3>\n\t\t\t\t\n\t\t\t\t\t\t\t\t\t<p class=\"elementor-icon-box-description translation-block\">To offer <b>complete and competitive solutions<\/b> in construction materials, ensuring <b>excellent service<\/b>, proximity and <b>respect for the environment.<\/b><\/p>\n\t\t\t\t\n\t\t\t<\/div>\n\t\t\t\n\t\t<\/div>\n\t\t\t\t\t\t<\/div>\n\t\t\t\t<div class=\"elementor-element elementor-element-64a8193 elementor-widget__width-initial elementor-widget-mobile__width-inherit elementor-invisible elementor-widget elementor-widget-icon-box\" data-id=\"64a8193\" data-element_type=\"widget\" data-settings=\"{&quot;_animation&quot;:&quot;zoomIn&quot;,&quot;_animation_delay&quot;:250}\" data-widget_type=\"icon-box.default\">\n\t\t\t\t\t\t\t<div class=\"elementor-icon-box-wrapper\">\n\n\t\t\t\n\t\t\t\t\t\t<div class=\"elementor-icon-box-content\">\n\n\t\t\t\t\t\t\t\t\t<h3 class=\"elementor-icon-box-title\">\n\t\t\t\t\t\t<span  >\n\t\t\t\t\t\t\tVision\t\t\t\t\t\t<\/span>\n\t\t\t\t\t<\/h3>\n\t\t\t\t\n\t\t\t\t\t\t\t\t\t<p class=\"elementor-icon-box-description translation-block\">To be the <b>trusted brand<\/b> in the construction sector in Faial, expanding our influence to other islands of the Azores and <b>strengthening the regional economy through innovation and service.<\/b><\/p>\n\t\t\t\t\n\t\t\t<\/div>\n\t\t\t\n\t\t<\/div>\n\t\t\t\t\t\t<\/div>\n\t\t\t\t<div class=\"elementor-element elementor-element-1366c1e elementor-widget__width-initial elementor-widget-mobile__width-inherit elementor-invisible elementor-widget elementor-widget-icon-box\" data-id=\"1366c1e\" data-element_type=\"widget\" data-settings=\"{&quot;_animation&quot;:&quot;zoomIn&quot;,&quot;_animation_delay&quot;:500}\" data-widget_type=\"icon-box.default\">\n\t\t\t\t\t\t\t<div class=\"elementor-icon-box-wrapper\">\n\n\t\t\t\n\t\t\t\t\t\t<div class=\"elementor-icon-box-content\">\n\n\t\t\t\t\t\t\t\t\t<h3 class=\"elementor-icon-box-title\">\n\t\t\t\t\t\t<span  >\n\t\t\t\t\t\t\tValues\t\t\t\t\t\t<\/span>\n\t\t\t\t\t<\/h3>\n\t\t\t\t\n\t\t\t\t\t\t\t\t\t<p class=\"elementor-icon-box-description translation-block\"><b>Commitment<\/b>: we work with seriousness and rigor in each supply.<br><br><b>\nQuality<\/b>: we select products with proven reliability and durability.\n<br><br>\n<b>Proximity<\/b>: we cultivate long-term relationships with clients and partners.<\/p>\n\t\t\t\t\n\t\t\t<\/div>\n\t\t\t\n\t\t<\/div>\n\t\t\t\t\t\t<\/div>\n\t\t\t\t<\/div>\n\t\t\t\t\t<\/div>\n\t\t\t\t<\/div>\n\t\t<div class=\"elementor-element elementor-element-68fe477 e-con-full e-flex elementor-invisible e-con e-parent\" data-id=\"68fe477\" data-element_type=\"container\" data-settings=\"{&quot;background_background&quot;:&quot;classic&quot;,&quot;animation&quot;:&quot;fadeInLeft&quot;}\">\n\t\t<div class=\"elementor-element elementor-element-fd28447 e-con-full elementor-hidden-mobile e-flex elementor-invisible e-con e-child\" data-id=\"fd28447\" data-element_type=\"container\" data-settings=\"{&quot;background_background&quot;:&quot;classic&quot;,&quot;position&quot;:&quot;absolute&quot;,&quot;animation&quot;:&quot;fadeInDown&quot;,&quot;animation_delay&quot;:1250}\">\n\t\t\t\t<\/div>\n\t\t<div class=\"elementor-element elementor-element-84d9482 e-con-full e-flex elementor-invisible e-con e-child\" data-id=\"84d9482\" data-element_type=\"container\" data-settings=\"{&quot;animation&quot;:&quot;fadeInLeft&quot;,&quot;animation_delay&quot;:1000}\">\n\t\t\t\t<div class=\"elementor-element elementor-element-916cedd elementor-widget__width-initial elementor-widget elementor-widget-heading\" data-id=\"916cedd\" data-element_type=\"widget\" data-widget_type=\"heading.default\">\n\t\t\t\t\t<h2 class=\"elementor-heading-title elementor-size-default\">Our territory<\/h2>\t\t\t\t<\/div>\n\t\t\t\t<div class=\"elementor-element elementor-element-adc66d7 elementor-widget__width-initial elementor-widget elementor-widget-text-editor\" data-id=\"adc66d7\" data-element_type=\"widget\" data-widget_type=\"text-editor.default\">\n\t\t\t\t\t\t\t\t\t<p data-start=\"507\" data-end=\"901\" class=\"translation-block\">We are based in <strong data-start=\"4181\" data-end=\"4213\">Flamengos, Horta municipality<\/strong>, with a physical space that allows <strong data-start=\"4248\" data-end=\"4297\">storage, display and direct service<\/strong>.<\/p><p data-start=\"507\" data-end=\"901\" class=\"translation-block\">The strategic location, close to the main roads and local construction sites, allows us to offer <strong data-start=\"4399\" data-end=\"4453\">fast responses adapted to the reality of Faial<\/strong>.<\/p>\t\t\t\t\t\t\t\t<\/div>\n\t\t\t\t<\/div>\n\t\t<div class=\"elementor-element elementor-element-7a3cbb0 e-con-full elementor-hidden-desktop elementor-hidden-tablet e-flex elementor-invisible e-con e-child\" data-id=\"7a3cbb0\" data-element_type=\"container\" data-settings=\"{&quot;background_background&quot;:&quot;classic&quot;,&quot;animation&quot;:&quot;fadeInDown&quot;,&quot;animation_delay&quot;:1250}\">\n\t\t\t\t<\/div>\n\t\t\t\t<\/div>\n\t\t<div class=\"elementor-element elementor-element-e81507b e-flex e-con-boxed e-con e-parent\" data-id=\"e81507b\" data-element_type=\"container\">\n\t\t\t\t\t<div class=\"e-con-inner\">\n\t\t\t\t<div class=\"elementor-element elementor-element-b9440ba elementor-invisible elementor-widget elementor-widget-heading\" data-id=\"b9440ba\" data-element_type=\"widget\" data-settings=\"{&quot;_animation&quot;:&quot;slideInLeft&quot;}\" data-widget_type=\"heading.default\">\n\t\t\t\t\t<h2 class=\"elementor-heading-title elementor-size-default\">How we work<\/h2>\t\t\t\t<\/div>\n\t\t<div class=\"elementor-element elementor-element-7a3ddc5 e-con-full e-flex e-con e-child\" data-id=\"7a3ddc5\" data-element_type=\"container\">\n\t\t\t\t<div class=\"elementor-element elementor-element-c7e45c0 elementor-invisible elementor-widget elementor-widget-button\" data-id=\"c7e45c0\" data-element_type=\"widget\" data-settings=\"{&quot;_animation&quot;:&quot;fadeInRight&quot;}\" data-widget_type=\"button.default\">\n\t\t\t\t\t\t\t\t\t\t<a class=\"elementor-button elementor-button-link elementor-size-sm\" href=\"\/en\/contactos\/\">\n\t\t\t\t\t\t<span class=\"elementor-button-content-wrapper\">\n\t\t\t\t\t\t\t\t\t<span class=\"elementor-button-text\">Request a quote<\/span>\n\t\t\t\t\t<\/span>\n\t\t\t\t\t<\/a>\n\t\t\t\t\t\t\t\t<\/div>\n\t\t\t\t<div class=\"elementor-element elementor-element-2a50a72 elementor-widget__width-initial elementor-hidden-mobile elementor-widget-divider--view-line elementor-invisible elementor-widget elementor-widget-divider\" data-id=\"2a50a72\" data-element_type=\"widget\" data-settings=\"{&quot;_animation&quot;:&quot;fadeInRight&quot;,&quot;_animation_delay&quot;:250}\" data-widget_type=\"divider.default\">\n\t\t\t\t\t\t\t<div class=\"elementor-divider\">\n\t\t\t<span class=\"elementor-divider-separator\">\n\t\t\t\t\t\t<\/span>\n\t\t<\/div>\n\t\t\t\t\t\t<\/div>\n\t\t\t\t<div class=\"elementor-element elementor-element-8b284df elementor-invisible elementor-widget elementor-widget-heading\" data-id=\"8b284df\" data-element_type=\"widget\" data-settings=\"{&quot;_animation&quot;:&quot;fadeInRight&quot;,&quot;_animation_delay&quot;:500}\" data-widget_type=\"heading.default\">\n\t\t\t\t\t<h2 class=\"elementor-heading-title elementor-size-default\">We validate solutions<\/h2>\t\t\t\t<\/div>\n\t\t\t\t<div class=\"elementor-element elementor-element-527e00a elementor-widget__width-initial elementor-hidden-mobile elementor-widget-divider--view-line elementor-invisible elementor-widget elementor-widget-divider\" data-id=\"527e00a\" data-element_type=\"widget\" data-settings=\"{&quot;_animation&quot;:&quot;fadeInRight&quot;,&quot;_animation_delay&quot;:750}\" data-widget_type=\"divider.default\">\n\t\t\t\t\t\t\t<div class=\"elementor-divider\">\n\t\t\t<span class=\"elementor-divider-separator\">\n\t\t\t\t\t\t<\/span>\n\t\t<\/div>\n\t\t\t\t\t\t<\/div>\n\t\t\t\t<div class=\"elementor-element elementor-element-a96392e elementor-invisible elementor-widget elementor-widget-heading\" data-id=\"a96392e\" data-element_type=\"widget\" data-settings=\"{&quot;_animation&quot;:&quot;fadeInRight&quot;,&quot;_animation_delay&quot;:1000}\" data-widget_type=\"heading.default\">\n\t\t\t\t\t<h2 class=\"elementor-heading-title elementor-size-default\">Delivery\/collection<\/h2>\t\t\t\t<\/div>\n\t\t\t\t<\/div>\n\t\t\t\t\t<\/div>\n\t\t\t\t<\/div>\n\t\t\t\t<\/div>","protected":false},"excerpt":{"rendered":"<p>Empresa Sobre n\u00f3s A BritoVale \u2013 Com\u00e9rcio e Ind\u00fastria de Materiais de Constru\u00e7\u00e3o, Lda, \u00e9 uma empresa faialense fundada em 2015, dedicada ao com\u00e9rcio por grosso e a retalho de materiais de constru\u00e7\u00e3o e equipamento sanit\u00e1rio. Com sede nos Flamengos, na ilha do Faial, integra um grupo empresarial a\u00e7oriano s\u00f3lido e inovador, comprometido com a [&hellip;]<\/p>","protected":false},"author":1,"featured_media":0,"parent":0,"menu_order":0,"comment_status":"closed","ping_status":"closed","template":"","meta":{"footnotes":""},"class_list":["post-19","page","type-page","status-publish","hentry"],"yoast_head":"<!-- This site is optimized with the Yoast SEO Premium plugin v21.3 (Yoast SEO v21.3) - https:\/\/yoast.com\/wordpress\/plugins\/seo\/ -->\n<title>Empresa - BritoVale, Com\u00e9rcio e Industria Materiais de Constru\u00e7\u00e3o, Faial<\/title>\n<meta name=\"description\" content=\"Uma empresa fundada em 2015, dedicada ao com\u00e9rcio por grosso e a retalho de equipamento sanit\u00e1rio e materiais de constru\u00e7\u00e3o no faial.\" \/>\n<meta name=\"robots\" content=\"index, follow, max-snippet:-1, max-image-preview:large, max-video-preview:-1\" \/>\n<link rel=\"canonical\" href=\"https:\/\/britovale.pt\/en\/empresa\/\" \/>\n<meta property=\"og:locale\" content=\"en_GB\" \/>\n<meta property=\"og:type\" content=\"article\" \/>\n<meta property=\"og:title\" content=\"Empresa\" \/>\n<meta property=\"og:description\" content=\"Uma empresa fundada em 2015, dedicada ao com\u00e9rcio por grosso e a retalho de equipamento sanit\u00e1rio e materiais de constru\u00e7\u00e3o no faial.\" \/>\n<meta property=\"og:url\" content=\"https:\/\/britovale.pt\/en\/empresa\/\" \/>\n<meta property=\"og:site_name\" content=\"BritoVale\" \/>\n<meta property=\"article:publisher\" content=\"https:\/\/www.facebook.com\/people\/BritoVale\/61554954182407\/#\" \/>\n<meta property=\"article:modified_time\" content=\"2026-02-18T04:51:41+00:00\" \/>\n<meta name=\"twitter:card\" content=\"summary_large_image\" \/>\n<script type=\"application\/ld+json\" class=\"yoast-schema-graph\">{\"@context\":\"https:\/\/schema.org\",\"@graph\":[{\"@type\":\"WebPage\",\"@id\":\"https:\/\/britovale.pt\/empresa\/\",\"url\":\"https:\/\/britovale.pt\/empresa\/\",\"name\":\"Empresa - BritoVale, Com\u00e9rcio e Industria Materiais de Constru\u00e7\u00e3o, Faial\",\"isPartOf\":{\"@id\":\"https:\/\/britovale.pt\/#website\"},\"datePublished\":\"2025-10-21T10:14:09+00:00\",\"dateModified\":\"2026-02-18T04:51:41+00:00\",\"description\":\"Uma empresa fundada em 2015, dedicada ao com\u00e9rcio por grosso e a retalho de equipamento sanit\u00e1rio e materiais de constru\u00e7\u00e3o no faial.\",\"breadcrumb\":{\"@id\":\"https:\/\/britovale.pt\/empresa\/#breadcrumb\"},\"inLanguage\":\"en-GB\",\"potentialAction\":[{\"@type\":\"ReadAction\",\"target\":[\"https:\/\/britovale.pt\/empresa\/\"]}]},{\"@type\":\"BreadcrumbList\",\"@id\":\"https:\/\/britovale.pt\/empresa\/#breadcrumb\",\"itemListElement\":[{\"@type\":\"ListItem\",\"position\":1,\"name\":\"Home\",\"item\":\"https:\/\/britovale.pt\/\"},{\"@type\":\"ListItem\",\"position\":2,\"name\":\"Empresa\"}]},{\"@type\":\"WebSite\",\"@id\":\"https:\/\/britovale.pt\/#website\",\"url\":\"https:\/\/britovale.pt\/\",\"name\":\"BritoVale\",\"description\":\"Com\u00e9rcio e Ind\u00fastria de Materiais de Constru\u00e7\u00e3o\",\"publisher\":{\"@id\":\"https:\/\/britovale.pt\/#organization\"},\"potentialAction\":[{\"@type\":\"SearchAction\",\"target\":{\"@type\":\"EntryPoint\",\"urlTemplate\":\"https:\/\/britovale.pt\/?s={search_term_string}\"},\"query-input\":\"required name=search_term_string\"}],\"inLanguage\":\"en-GB\"},{\"@type\":\"Organization\",\"@id\":\"https:\/\/britovale.pt\/#organization\",\"name\":\"BritoVale, Com\u00e9rico e Ind\u00fastria Materiais Constru\u00e7\u00e3o, LDA\",\"alternateName\":\"BritoVale\",\"url\":\"https:\/\/britovale.pt\/\",\"logo\":{\"@type\":\"ImageObject\",\"inLanguage\":\"en-GB\",\"@id\":\"https:\/\/britovale.pt\/#\/schema\/logo\/image\/\",\"url\":\"https:\/\/britovale.pt\/wp-content\/uploads\/2025\/10\/cropped-Frame-1-2.png\",\"contentUrl\":\"https:\/\/britovale.pt\/wp-content\/uploads\/2025\/10\/cropped-Frame-1-2.png\",\"width\":512,\"height\":512,\"caption\":\"BritoVale, Com\u00e9rico e Ind\u00fastria Materiais Constru\u00e7\u00e3o, LDA\"},\"image\":{\"@id\":\"https:\/\/britovale.pt\/#\/schema\/logo\/image\/\"},\"sameAs\":[\"https:\/\/www.facebook.com\/people\/BritoVale\/61554954182407\/#\"]}]}<\/script>\n<!-- \/ Yoast SEO Premium plugin. -->","yoast_head_json":{"title":"Empresa - BritoVale, Com\u00e9rcio e Industria Materiais de Constru\u00e7\u00e3o, Faial","description":"Uma empresa fundada em 2015, dedicada ao com\u00e9rcio por grosso e a retalho de equipamento sanit\u00e1rio e materiais de constru\u00e7\u00e3o no faial.","robots":{"index":"index","follow":"follow","max-snippet":"max-snippet:-1","max-image-preview":"max-image-preview:large","max-video-preview":"max-video-preview:-1"},"canonical":"https:\/\/britovale.pt\/en\/empresa\/","og_locale":"en_GB","og_type":"article","og_title":"Empresa","og_description":"Uma empresa fundada em 2015, dedicada ao com\u00e9rcio por grosso e a retalho de equipamento sanit\u00e1rio e materiais de constru\u00e7\u00e3o no faial.","og_url":"https:\/\/britovale.pt\/en\/empresa\/","og_site_name":"BritoVale","article_publisher":"https:\/\/www.facebook.com\/people\/BritoVale\/61554954182407\/#","article_modified_time":"2026-02-18T04:51:41+00:00","twitter_card":"summary_large_image","schema":{"@context":"https:\/\/schema.org","@graph":[{"@type":"WebPage","@id":"https:\/\/britovale.pt\/empresa\/","url":"https:\/\/britovale.pt\/empresa\/","name":"Empresa - BritoVale, Com\u00e9rcio e Industria Materiais de Constru\u00e7\u00e3o, Faial","isPartOf":{"@id":"https:\/\/britovale.pt\/#website"},"datePublished":"2025-10-21T10:14:09+00:00","dateModified":"2026-02-18T04:51:41+00:00","description":"Uma empresa fundada em 2015, dedicada ao com\u00e9rcio por grosso e a retalho de equipamento sanit\u00e1rio e materiais de constru\u00e7\u00e3o no faial.","breadcrumb":{"@id":"https:\/\/britovale.pt\/empresa\/#breadcrumb"},"inLanguage":"en-GB","potentialAction":[{"@type":"ReadAction","target":["https:\/\/britovale.pt\/empresa\/"]}]},{"@type":"BreadcrumbList","@id":"https:\/\/britovale.pt\/empresa\/#breadcrumb","itemListElement":[{"@type":"ListItem","position":1,"name":"Home","item":"https:\/\/britovale.pt\/"},{"@type":"ListItem","position":2,"name":"Empresa"}]},{"@type":"WebSite","@id":"https:\/\/britovale.pt\/#website","url":"https:\/\/britovale.pt\/","name":"BritoVale","description":"Trade and Industry of Construction Materials","publisher":{"@id":"https:\/\/britovale.pt\/#organization"},"potentialAction":[{"@type":"SearchAction","target":{"@type":"EntryPoint","urlTemplate":"https:\/\/britovale.pt\/?s={search_term_string}"},"query-input":"required name=search_term_string"}],"inLanguage":"en-GB"},{"@type":"Organization","@id":"https:\/\/britovale.pt\/#organization","name":"BritoVale, Com\u00e9rico e Ind\u00fastria Materiais Constru\u00e7\u00e3o, LDA","alternateName":"BritoVale","url":"https:\/\/britovale.pt\/","logo":{"@type":"ImageObject","inLanguage":"en-GB","@id":"https:\/\/britovale.pt\/#\/schema\/logo\/image\/","url":"https:\/\/britovale.pt\/wp-content\/uploads\/2025\/10\/cropped-Frame-1-2.png","contentUrl":"https:\/\/britovale.pt\/wp-content\/uploads\/2025\/10\/cropped-Frame-1-2.png","width":512,"height":512,"caption":"BritoVale, Com\u00e9rico e Ind\u00fastria Materiais Constru\u00e7\u00e3o, LDA"},"image":{"@id":"https:\/\/britovale.pt\/#\/schema\/logo\/image\/"},"sameAs":["https:\/\/www.facebook.com\/people\/BritoVale\/61554954182407\/#"]}]}},"_links":{"self":[{"href":"https:\/\/britovale.pt\/en\/wp-json\/wp\/v2\/pages\/19","targetHints":{"allow":["GET"]}}],"collection":[{"href":"https:\/\/britovale.pt\/en\/wp-json\/wp\/v2\/pages"}],"about":[{"href":"https:\/\/britovale.pt\/en\/wp-json\/wp\/v2\/types\/page"}],"author":[{"embeddable":true,"href":"https:\/\/britovale.pt\/en\/wp-json\/wp\/v2\/users\/1"}],"replies":[{"embeddable":true,"href":"https:\/\/britovale.pt\/en\/wp-json\/wp\/v2\/comments?post=19"}],"version-history":[{"count":46,"href":"https:\/\/britovale.pt\/en\/wp-json\/wp\/v2\/pages\/19\/revisions"}],"predecessor-version":[{"id":368,"href":"https:\/\/britovale.pt\/en\/wp-json\/wp\/v2\/pages\/19\/revisions\/368"}],"wp:attachment":[{"href":"https:\/\/britovale.pt\/en\/wp-json\/wp\/v2\/media?parent=19"}],"curies":[{"name":"wp","href":"https:\/\/api.w.org\/{rel}","templated":true}]}}