{"id":22,"date":"2025-10-21T10:22:29","date_gmt":"2025-10-21T10:22:29","guid":{"rendered":"https:\/\/britovale.pt\/?page_id=22"},"modified":"2025-11-24T16:32:34","modified_gmt":"2025-11-24T16:32:34","slug":"solucoes","status":"publish","type":"page","link":"https:\/\/britovale.pt\/en\/solucoes\/","title":{"rendered":"Solutions"},"content":{"rendered":"<div data-elementor-type=\"wp-page\" data-elementor-id=\"22\" class=\"elementor elementor-22\" data-elementor-post-type=\"page\">\n\t\t\t\t<div class=\"elementor-element elementor-element-1285e6f e-flex e-con-boxed e-con e-parent\" data-id=\"1285e6f\" data-element_type=\"container\" data-settings=\"{&quot;background_background&quot;:&quot;classic&quot;}\">\n\t\t\t\t\t<div class=\"e-con-inner\">\n\t\t\t\t<div class=\"elementor-element elementor-element-cd97701 elementor-widget elementor-widget-heading\" data-id=\"cd97701\" data-element_type=\"widget\" data-widget_type=\"heading.default\">\n\t\t\t\t\t<h2 class=\"elementor-heading-title elementor-size-default\">Solutions<\/h2>\t\t\t\t<\/div>\n\t\t\t\t\t<\/div>\n\t\t\t\t<\/div>\n\t\t<div class=\"elementor-element elementor-element-e983148 e-con-full e-flex elementor-invisible e-con e-child\" data-id=\"e983148\" data-element_type=\"container\" data-settings=\"{&quot;background_background&quot;:&quot;classic&quot;,&quot;animation&quot;:&quot;slideInRight&quot;}\">\n\t\t<div class=\"elementor-element elementor-element-325b137 e-con-full e-flex e-con e-child\" data-id=\"325b137\" data-element_type=\"container\">\n\t\t\t\t<\/div>\n\t\t<div class=\"elementor-element elementor-element-3741c74 e-con-full e-flex elementor-invisible e-con e-child\" data-id=\"3741c74\" data-element_type=\"container\" data-settings=\"{&quot;animation&quot;:&quot;fadeInRight&quot;,&quot;animation_delay&quot;:1000}\">\n\t\t<div class=\"elementor-element elementor-element-7ffa822 e-con-full e-flex e-con e-child\" data-id=\"7ffa822\" data-element_type=\"container\" data-settings=\"{&quot;background_background&quot;:&quot;classic&quot;}\">\n\t\t\t\t<div class=\"elementor-element elementor-element-81d237a elementor-widget elementor-widget-heading\" data-id=\"81d237a\" data-element_type=\"widget\" data-widget_type=\"heading.default\">\n\t\t\t\t\t<h2 class=\"elementor-heading-title elementor-size-default\">Budgeting and Technical Consulting<\/h2>\t\t\t\t<\/div>\n\t\t\t\t<div class=\"elementor-element elementor-element-df7a0c9 elementor-widget elementor-widget-text-editor\" data-id=\"df7a0c9\" data-element_type=\"widget\" data-widget_type=\"text-editor.default\">\n\t\t\t\t\t\t\t\t\t<ul><li class=\"whitespace-normal break-words\">Preparation of detailed budgets for construction projects.<\/li><li class=\"whitespace-normal break-words\">Support in choosing materials suitable for the project.<\/li><li class=\"whitespace-normal break-words\">Calculation of required quantities<\/li><li class=\"whitespace-normal break-words\">Technical specifications as per specifications document.<\/li><\/ul>\t\t\t\t\t\t\t\t<\/div>\n\t\t\t\t<\/div>\n\t\t\t\t<\/div>\n\t\t<div class=\"elementor-element elementor-element-61bbbcc e-con-full quadrado elementor-hidden-desktop elementor-hidden-tablet elementor-hidden-mobile e-flex e-con e-child\" data-id=\"61bbbcc\" data-element_type=\"container\" data-settings=\"{&quot;background_background&quot;:&quot;gradient&quot;,&quot;position&quot;:&quot;absolute&quot;}\">\n\t\t\t\t<\/div>\n\t\t\t\t<\/div>\n\t\t<div class=\"elementor-element elementor-element-e6cc99b e-con-full e-flex elementor-invisible e-con e-child\" data-id=\"e6cc99b\" data-element_type=\"container\" data-settings=\"{&quot;background_background&quot;:&quot;classic&quot;,&quot;animation&quot;:&quot;slideInLeft&quot;}\">\n\t\t<div class=\"elementor-element elementor-element-3efc956 e-con-full e-flex e-con e-child\" data-id=\"3efc956\" data-element_type=\"container\">\n\t\t\t\t<\/div>\n\t\t<div class=\"elementor-element elementor-element-e9a2946 e-con-full e-flex elementor-invisible e-con e-child\" data-id=\"e9a2946\" data-element_type=\"container\" data-settings=\"{&quot;animation&quot;:&quot;fadeInLeft&quot;,&quot;animation_delay&quot;:1000}\">\n\t\t<div class=\"elementor-element elementor-element-edf1b07 e-con-full e-flex e-con e-child\" data-id=\"edf1b07\" data-element_type=\"container\" data-settings=\"{&quot;background_background&quot;:&quot;classic&quot;}\">\n\t\t\t\t<div class=\"elementor-element elementor-element-b340bf6 elementor-widget elementor-widget-heading\" data-id=\"b340bf6\" data-element_type=\"widget\" data-widget_type=\"heading.default\">\n\t\t\t\t\t<h2 class=\"elementor-heading-title elementor-size-default\">Scheduled Deliveries<\/h2>\t\t\t\t<\/div>\n\t\t\t\t<div class=\"elementor-element elementor-element-b928afc elementor-widget elementor-widget-text-editor\" data-id=\"b928afc\" data-element_type=\"widget\" data-widget_type=\"text-editor.default\">\n\t\t\t\t\t\t\t\t\t<ul><li class=\"whitespace-normal break-words\">Home\/construction site deliveries in Faial<\/li><li class=\"whitespace-normal break-words\">Possibility of deliveries to other islands (via sea transport)<\/li><li class=\"whitespace-normal break-words\">Scheduling deliveries by construction phases.<\/li><li class=\"whitespace-normal break-words\">Urgent deliveries (24-48h)<\/li><\/ul>\t\t\t\t\t\t\t\t<\/div>\n\t\t\t\t<\/div>\n\t\t\t\t<\/div>\n\t\t<div class=\"elementor-element elementor-element-24f6f85 e-con-full quadrado elementor-hidden-desktop elementor-hidden-tablet elementor-hidden-mobile e-flex e-con e-child\" data-id=\"24f6f85\" data-element_type=\"container\" data-settings=\"{&quot;background_background&quot;:&quot;gradient&quot;,&quot;position&quot;:&quot;absolute&quot;}\">\n\t\t\t\t<\/div>\n\t\t\t\t<\/div>\n\t\t<div class=\"elementor-element elementor-element-ce4a158 e-con-full e-flex elementor-invisible e-con e-child\" data-id=\"ce4a158\" data-element_type=\"container\" data-settings=\"{&quot;background_background&quot;:&quot;classic&quot;,&quot;animation&quot;:&quot;slideInLeft&quot;}\">\n\t\t<div class=\"elementor-element elementor-element-50ddae8 e-con-full e-flex e-con e-child\" data-id=\"50ddae8\" data-element_type=\"container\">\n\t\t\t\t<\/div>\n\t\t<div class=\"elementor-element elementor-element-f13d7ad e-con-full e-flex elementor-invisible e-con e-child\" data-id=\"f13d7ad\" data-element_type=\"container\" data-settings=\"{&quot;animation&quot;:&quot;fadeInLeft&quot;,&quot;animation_delay&quot;:1000}\">\n\t\t<div class=\"elementor-element elementor-element-6fa2279 e-con-full e-flex e-con e-child\" data-id=\"6fa2279\" data-element_type=\"container\" data-settings=\"{&quot;background_background&quot;:&quot;classic&quot;}\">\n\t\t\t\t<div class=\"elementor-element elementor-element-df803e8 elementor-widget elementor-widget-heading\" data-id=\"df803e8\" data-element_type=\"widget\" data-widget_type=\"heading.default\">\n\t\t\t\t\t<h2 class=\"elementor-heading-title elementor-size-default\">Credit Sales for Professionals<\/h2>\t\t\t\t<\/div>\n\t\t\t\t<div class=\"elementor-element elementor-element-0558076 elementor-widget elementor-widget-text-editor\" data-id=\"0558076\" data-element_type=\"widget\" data-widget_type=\"text-editor.default\">\n\t\t\t\t\t\t\t\t\t<ul><li class=\"whitespace-normal break-words\">Current account for regular customers<\/li><li class=\"whitespace-normal break-words\">Flexible payment terms (30\/60\/90 days)<\/li><li class=\"whitespace-normal break-words\">Easy billing<\/li><li class=\"whitespace-normal break-words\">Volume discounts<\/li><\/ul>\t\t\t\t\t\t\t\t<\/div>\n\t\t\t\t<\/div>\n\t\t\t\t<\/div>\n\t\t<div class=\"elementor-element elementor-element-cbeee27 e-con-full quadrado elementor-hidden-desktop elementor-hidden-tablet elementor-hidden-mobile e-flex e-con e-child\" data-id=\"cbeee27\" data-element_type=\"container\" data-settings=\"{&quot;background_background&quot;:&quot;gradient&quot;,&quot;position&quot;:&quot;absolute&quot;}\">\n\t\t\t\t<\/div>\n\t\t\t\t<\/div>\n\t\t<div class=\"elementor-element elementor-element-3821baf e-con-full e-flex elementor-invisible e-con e-child\" data-id=\"3821baf\" data-element_type=\"container\" data-settings=\"{&quot;background_background&quot;:&quot;classic&quot;,&quot;animation&quot;:&quot;slideInRight&quot;}\">\n\t\t<div class=\"elementor-element elementor-element-0607213 e-con-full e-flex e-con e-child\" data-id=\"0607213\" data-element_type=\"container\">\n\t\t\t\t<\/div>\n\t\t<div class=\"elementor-element elementor-element-67b0a4b e-con-full e-flex elementor-invisible e-con e-child\" data-id=\"67b0a4b\" data-element_type=\"container\" data-settings=\"{&quot;animation&quot;:&quot;fadeInRight&quot;,&quot;animation_delay&quot;:1000}\">\n\t\t<div class=\"elementor-element elementor-element-3f7e06b e-con-full e-flex e-con e-child\" data-id=\"3f7e06b\" data-element_type=\"container\" data-settings=\"{&quot;background_background&quot;:&quot;classic&quot;}\">\n\t\t\t\t<div class=\"elementor-element elementor-element-0d4dc4a elementor-widget elementor-widget-heading\" data-id=\"0d4dc4a\" data-element_type=\"widget\" data-widget_type=\"heading.default\">\n\t\t\t\t\t<h2 class=\"elementor-heading-title elementor-size-default\">Stock Reserved for Construction Projects<\/h2>\t\t\t\t<\/div>\n\t\t\t\t<div class=\"elementor-element elementor-element-e0dad9a elementor-widget elementor-widget-text-editor\" data-id=\"e0dad9a\" data-element_type=\"widget\" data-widget_type=\"text-editor.default\">\n\t\t\t\t\t\t\t\t\t<ul><li class=\"whitespace-normal break-words\">Material reserve for specific projects.<\/li><li class=\"whitespace-normal break-words\">Guaranteed availability throughout the entire project.<\/li><li class=\"whitespace-normal break-words\">Phased deliveries according to schedule.<\/li><\/ul>\t\t\t\t\t\t\t\t<\/div>\n\t\t\t\t<\/div>\n\t\t\t\t<\/div>\n\t\t<div class=\"elementor-element elementor-element-11f687f e-con-full quadrado elementor-hidden-desktop elementor-hidden-tablet elementor-hidden-mobile e-flex e-con e-child\" data-id=\"11f687f\" data-element_type=\"container\" data-settings=\"{&quot;background_background&quot;:&quot;gradient&quot;,&quot;position&quot;:&quot;absolute&quot;}\">\n\t\t\t\t<\/div>\n\t\t\t\t<\/div>\n\t\t\t\t<\/div>","protected":false},"excerpt":{"rendered":"<p>Solu\u00e7\u00f5es Or\u00e7amenta\u00e7\u00e3o e Consultoria T\u00e9cnica Elabora\u00e7\u00e3o de or\u00e7amentos detalhados para obras Apoio na escolha de materiais adequados ao projeto C\u00e1lculo de quantidades necess\u00e1rias Especifica\u00e7\u00e3o t\u00e9cnica conforme cadernos de encargos Entregas Programadas Entregas ao domic\u00edlio\/obra no Faial Possibilidade de entregas noutras ilhas (via transporte mar\u00edtimo) Agendamento de entregas por fases de obra Entregas urgentes (24-48h) Venda [&hellip;]<\/p>","protected":false},"author":1,"featured_media":0,"parent":0,"menu_order":0,"comment_status":"closed","ping_status":"closed","template":"","meta":{"footnotes":""},"class_list":["post-22","page","type-page","status-publish","hentry"],"yoast_head":"<!-- This site is optimized with the Yoast SEO Premium plugin v21.3 (Yoast SEO v21.3) - https:\/\/yoast.com\/wordpress\/plugins\/seo\/ -->\n<title>Solu\u00e7\u00f5es - BritoVale<\/title>\n<meta name=\"description\" content=\"Servi\u00e7os BritoVale para profissionais: or\u00e7amenta\u00e7\u00e3o t\u00e9cnica, entregas programadas, stock reservado e venda a cr\u00e9dito.\" \/>\n<meta name=\"robots\" content=\"index, follow, max-snippet:-1, max-image-preview:large, max-video-preview:-1\" \/>\n<link rel=\"canonical\" href=\"https:\/\/britovale.pt\/en\/solucoes\/\" \/>\n<meta property=\"og:locale\" content=\"en_GB\" \/>\n<meta property=\"og:type\" content=\"article\" \/>\n<meta property=\"og:title\" content=\"Solu\u00e7\u00f5es\" \/>\n<meta property=\"og:description\" content=\"Servi\u00e7os BritoVale para profissionais: or\u00e7amenta\u00e7\u00e3o t\u00e9cnica, entregas programadas, stock reservado e venda a cr\u00e9dito.\" \/>\n<meta property=\"og:url\" content=\"https:\/\/britovale.pt\/en\/solucoes\/\" \/>\n<meta property=\"og:site_name\" content=\"BritoVale\" \/>\n<meta property=\"article:publisher\" content=\"https:\/\/www.facebook.com\/people\/BritoVale\/61554954182407\/#\" \/>\n<meta property=\"article:modified_time\" content=\"2025-11-24T16:32:34+00:00\" \/>\n<meta name=\"twitter:card\" content=\"summary_large_image\" \/>\n<script type=\"application\/ld+json\" class=\"yoast-schema-graph\">{\"@context\":\"https:\/\/schema.org\",\"@graph\":[{\"@type\":\"WebPage\",\"@id\":\"https:\/\/britovale.pt\/solucoes\/\",\"url\":\"https:\/\/britovale.pt\/solucoes\/\",\"name\":\"Solu\u00e7\u00f5es - BritoVale\",\"isPartOf\":{\"@id\":\"https:\/\/britovale.pt\/#website\"},\"datePublished\":\"2025-10-21T10:22:29+00:00\",\"dateModified\":\"2025-11-24T16:32:34+00:00\",\"description\":\"Servi\u00e7os BritoVale para profissionais: or\u00e7amenta\u00e7\u00e3o t\u00e9cnica, entregas programadas, stock reservado e venda a cr\u00e9dito.\",\"breadcrumb\":{\"@id\":\"https:\/\/britovale.pt\/solucoes\/#breadcrumb\"},\"inLanguage\":\"en-GB\",\"potentialAction\":[{\"@type\":\"ReadAction\",\"target\":[\"https:\/\/britovale.pt\/solucoes\/\"]}]},{\"@type\":\"BreadcrumbList\",\"@id\":\"https:\/\/britovale.pt\/solucoes\/#breadcrumb\",\"itemListElement\":[{\"@type\":\"ListItem\",\"position\":1,\"name\":\"Home\",\"item\":\"https:\/\/britovale.pt\/\"},{\"@type\":\"ListItem\",\"position\":2,\"name\":\"Solu\u00e7\u00f5es\"}]},{\"@type\":\"WebSite\",\"@id\":\"https:\/\/britovale.pt\/#website\",\"url\":\"https:\/\/britovale.pt\/\",\"name\":\"BritoVale\",\"description\":\"Com\u00e9rcio e Ind\u00fastria de Materiais de Constru\u00e7\u00e3o\",\"publisher\":{\"@id\":\"https:\/\/britovale.pt\/#organization\"},\"potentialAction\":[{\"@type\":\"SearchAction\",\"target\":{\"@type\":\"EntryPoint\",\"urlTemplate\":\"https:\/\/britovale.pt\/?s={search_term_string}\"},\"query-input\":\"required name=search_term_string\"}],\"inLanguage\":\"en-GB\"},{\"@type\":\"Organization\",\"@id\":\"https:\/\/britovale.pt\/#organization\",\"name\":\"BritoVale, Com\u00e9rico e Ind\u00fastria Materiais Constru\u00e7\u00e3o, LDA\",\"alternateName\":\"BritoVale\",\"url\":\"https:\/\/britovale.pt\/\",\"logo\":{\"@type\":\"ImageObject\",\"inLanguage\":\"en-GB\",\"@id\":\"https:\/\/britovale.pt\/#\/schema\/logo\/image\/\",\"url\":\"https:\/\/britovale.pt\/wp-content\/uploads\/2025\/10\/cropped-Frame-1-2.png\",\"contentUrl\":\"https:\/\/britovale.pt\/wp-content\/uploads\/2025\/10\/cropped-Frame-1-2.png\",\"width\":512,\"height\":512,\"caption\":\"BritoVale, Com\u00e9rico e Ind\u00fastria Materiais Constru\u00e7\u00e3o, LDA\"},\"image\":{\"@id\":\"https:\/\/britovale.pt\/#\/schema\/logo\/image\/\"},\"sameAs\":[\"https:\/\/www.facebook.com\/people\/BritoVale\/61554954182407\/#\"]}]}<\/script>\n<!-- \/ Yoast SEO Premium plugin. -->","yoast_head_json":{"title":"Solu\u00e7\u00f5es - BritoVale","description":"Servi\u00e7os BritoVale para profissionais: or\u00e7amenta\u00e7\u00e3o t\u00e9cnica, entregas programadas, stock reservado e venda a cr\u00e9dito.","robots":{"index":"index","follow":"follow","max-snippet":"max-snippet:-1","max-image-preview":"max-image-preview:large","max-video-preview":"max-video-preview:-1"},"canonical":"https:\/\/britovale.pt\/en\/solucoes\/","og_locale":"en_GB","og_type":"article","og_title":"Solu\u00e7\u00f5es","og_description":"Servi\u00e7os BritoVale para profissionais: or\u00e7amenta\u00e7\u00e3o t\u00e9cnica, entregas programadas, stock reservado e venda a cr\u00e9dito.","og_url":"https:\/\/britovale.pt\/en\/solucoes\/","og_site_name":"BritoVale","article_publisher":"https:\/\/www.facebook.com\/people\/BritoVale\/61554954182407\/#","article_modified_time":"2025-11-24T16:32:34+00:00","twitter_card":"summary_large_image","schema":{"@context":"https:\/\/schema.org","@graph":[{"@type":"WebPage","@id":"https:\/\/britovale.pt\/solucoes\/","url":"https:\/\/britovale.pt\/solucoes\/","name":"Solu\u00e7\u00f5es - BritoVale","isPartOf":{"@id":"https:\/\/britovale.pt\/#website"},"datePublished":"2025-10-21T10:22:29+00:00","dateModified":"2025-11-24T16:32:34+00:00","description":"Servi\u00e7os BritoVale para profissionais: or\u00e7amenta\u00e7\u00e3o t\u00e9cnica, entregas programadas, stock reservado e venda a cr\u00e9dito.","breadcrumb":{"@id":"https:\/\/britovale.pt\/solucoes\/#breadcrumb"},"inLanguage":"en-GB","potentialAction":[{"@type":"ReadAction","target":["https:\/\/britovale.pt\/solucoes\/"]}]},{"@type":"BreadcrumbList","@id":"https:\/\/britovale.pt\/solucoes\/#breadcrumb","itemListElement":[{"@type":"ListItem","position":1,"name":"Home","item":"https:\/\/britovale.pt\/"},{"@type":"ListItem","position":2,"name":"Solu\u00e7\u00f5es"}]},{"@type":"WebSite","@id":"https:\/\/britovale.pt\/#website","url":"https:\/\/britovale.pt\/","name":"BritoVale","description":"Trade and Industry of Construction Materials","publisher":{"@id":"https:\/\/britovale.pt\/#organization"},"potentialAction":[{"@type":"SearchAction","target":{"@type":"EntryPoint","urlTemplate":"https:\/\/britovale.pt\/?s={search_term_string}"},"query-input":"required name=search_term_string"}],"inLanguage":"en-GB"},{"@type":"Organization","@id":"https:\/\/britovale.pt\/#organization","name":"BritoVale, Com\u00e9rico e Ind\u00fastria Materiais Constru\u00e7\u00e3o, LDA","alternateName":"BritoVale","url":"https:\/\/britovale.pt\/","logo":{"@type":"ImageObject","inLanguage":"en-GB","@id":"https:\/\/britovale.pt\/#\/schema\/logo\/image\/","url":"https:\/\/britovale.pt\/wp-content\/uploads\/2025\/10\/cropped-Frame-1-2.png","contentUrl":"https:\/\/britovale.pt\/wp-content\/uploads\/2025\/10\/cropped-Frame-1-2.png","width":512,"height":512,"caption":"BritoVale, Com\u00e9rico e Ind\u00fastria Materiais Constru\u00e7\u00e3o, LDA"},"image":{"@id":"https:\/\/britovale.pt\/#\/schema\/logo\/image\/"},"sameAs":["https:\/\/www.facebook.com\/people\/BritoVale\/61554954182407\/#"]}]}},"_links":{"self":[{"href":"https:\/\/britovale.pt\/en\/wp-json\/wp\/v2\/pages\/22","targetHints":{"allow":["GET"]}}],"collection":[{"href":"https:\/\/britovale.pt\/en\/wp-json\/wp\/v2\/pages"}],"about":[{"href":"https:\/\/britovale.pt\/en\/wp-json\/wp\/v2\/types\/page"}],"author":[{"embeddable":true,"href":"https:\/\/britovale.pt\/en\/wp-json\/wp\/v2\/users\/1"}],"replies":[{"embeddable":true,"href":"https:\/\/britovale.pt\/en\/wp-json\/wp\/v2\/comments?post=22"}],"version-history":[{"count":46,"href":"https:\/\/britovale.pt\/en\/wp-json\/wp\/v2\/pages\/22\/revisions"}],"predecessor-version":[{"id":346,"href":"https:\/\/britovale.pt\/en\/wp-json\/wp\/v2\/pages\/22\/revisions\/346"}],"wp:attachment":[{"href":"https:\/\/britovale.pt\/en\/wp-json\/wp\/v2\/media?parent=22"}],"curies":[{"name":"wp","href":"https:\/\/api.w.org\/{rel}","templated":true}]}}